{"id":423,"date":"2021-06-18T09:47:23","date_gmt":"2021-06-18T09:47:23","guid":{"rendered":"https:\/\/bauer.global\/?page_id=423"},"modified":"2023-12-01T18:56:32","modified_gmt":"2023-12-01T16:56:32","slug":"contact","status":"publish","type":"page","link":"https:\/\/bauer.legal\/en\/contact\/","title":{"rendered":"Contact"},"content":{"rendered":"\n<div class=\"wp-block-columns is-layout-flex wp-container-core-columns-is-layout-9d6595d7 wp-block-columns-is-layout-flex\">\n<div class=\"wp-block-column is-layout-flow wp-block-column-is-layout-flow\" style=\"flex-basis:50%\">\n<p><strong>Rechtsanwalt Bauer <\/strong><\/p>\n<\/div>\n\n\n\n<div class=\"wp-block-column is-layout-flow wp-block-column-is-layout-flow\" style=\"flex-basis:50%\">\n<p class=\"has-text-align-justify\">B\u00f6lkendorfer Strasse 36<br>16278 Angerm\u00fcnde**<br>Germany<br><strong>Phone<\/strong>: +49 33365-784007<br><strong>Fax<\/strong>: +49 33365-784008  <br><strong>E-mail*<\/strong>: <a href=\"mailto:kanzlei@bauer.legal\">kanzlei@bauer.legal<\/a><\/p>\n<\/div>\n<\/div>\n\n\n\n<p style=\"font-style:normal;font-weight:300\">The initial contact is usually free of charge and without obligation for you.<\/p>\n\n\n\n<hr class=\"wp-block-separator has-alpha-channel-opacity\"\/>\n\n\n\n<p>Contact Rechtsanwalt Bauer via e-mail form*:<\/p>\n\n\n<div class=\"wpforms-container wpforms-container-full wpforms-block wpforms-block-5fe94833-21c8-4540-9611-adc4448229a6\" id=\"wpforms-1089\"><form id=\"wpforms-form-1089\" class=\"wpforms-validate wpforms-form wpforms-ajax-form\" data-formid=\"1089\" method=\"post\" enctype=\"multipart\/form-data\" action=\"\/en\/wp-json\/wp\/v2\/pages\/423\" data-token=\"c50f295ac39e49deb1ed7a98c56acfa9\" data-token-time=\"1775947617\"><noscript class=\"wpforms-error-noscript\">Please enable JavaScript in your browser to complete this form.<\/noscript><div class=\"wpforms-field-container\"><div id=\"wpforms-1089-field_0-container\" class=\"wpforms-field wpforms-field-name\" data-field-id=\"0\"><label class=\"wpforms-field-label\">Name <span class=\"wpforms-required-label\">*<\/span><\/label><div class=\"wpforms-field-row wpforms-field-medium\"><div class=\"wpforms-field-row-block wpforms-first wpforms-one-half\"><input type=\"text\" id=\"wpforms-1089-field_0\" class=\"wpforms-field-name-first wpforms-field-required\" name=\"wpforms[fields][0][first]\" required><label for=\"wpforms-1089-field_0\" class=\"wpforms-field-sublabel after\">First<\/label><\/div><div class=\"wpforms-field-row-block wpforms-one-half\"><input type=\"text\" id=\"wpforms-1089-field_0-last\" class=\"wpforms-field-name-last wpforms-field-required\" name=\"wpforms[fields][0][last]\" required><label for=\"wpforms-1089-field_0-last\" class=\"wpforms-field-sublabel after\">Last<\/label><\/div><\/div><\/div><div id=\"wpforms-1089-field_1-container\" class=\"wpforms-field wpforms-field-email\" data-field-id=\"1\"><label class=\"wpforms-field-label\" for=\"wpforms-1089-field_1\">E-Mail <span class=\"wpforms-required-label\">*<\/span><\/label><input type=\"email\" id=\"wpforms-1089-field_1\" class=\"wpforms-field-medium wpforms-field-required\" name=\"wpforms[fields][1]\" spellcheck=\"false\" required><\/div><div id=\"wpforms-1089-field_2-container\" class=\"wpforms-field wpforms-field-textarea\" data-field-id=\"2\"><label class=\"wpforms-field-label\" for=\"wpforms-1089-field_2\">Nachricht<\/label><textarea id=\"wpforms-1089-field_2\" class=\"wpforms-field-medium\" name=\"wpforms[fields][2]\" ><\/textarea><\/div><div id=\"wpforms-1089-field_3-container\" class=\"wpforms-field wpforms-field-gdpr-checkbox\" data-field-id=\"3\"><label class=\"wpforms-field-label\">DSGVO-Einwilligung <span class=\"wpforms-required-label\">*<\/span><\/label><ul id=\"wpforms-1089-field_3\" class=\"wpforms-field-required\"><li class=\"choice-1\"><input type=\"checkbox\" id=\"wpforms-1089-field_3_1\" name=\"wpforms[fields][3][]\" value=\"Ich willige ein, dass Rechtsanwalt Bauer meine Daten verarbeitet, um damit meine Anfrage zu beantworten (siehe bauer.legal\/datenschutzhinweise). Die Daten werden nicht an Dritte weitergegeben. Diese Einwilligung kann jederzeit mit Wirkung f\u00fcr die Zukunft durch Erkl\u00e4rung gegen\u00fcber Rechtsanwalt Bauer widerrufen werden.\" required ><label class=\"wpforms-field-label-inline\" for=\"wpforms-1089-field_3_1\">Ich willige ein, dass Rechtsanwalt Bauer meine Daten verarbeitet, um damit meine Anfrage zu beantworten (siehe bauer.legal\/datenschutzhinweise). Die Daten werden nicht an Dritte weitergegeben. Diese Einwilligung kann jederzeit mit Wirkung f\u00fcr die Zukunft durch Erkl\u00e4rung gegen\u00fcber Rechtsanwalt Bauer widerrufen werden.<\/label><\/li><\/ul><\/div><\/div><!-- .wpforms-field-container --><div class=\"wpforms-recaptcha-container wpforms-is-recaptcha wpforms-is-recaptcha-type-invisible\" ><div class=\"g-recaptcha\" data-sitekey=\"6LdWMCMjAAAAAN5JI9VwOmA2M4-3eN6LyITXPc_Z\" data-size=\"invisible\"><\/div><\/div><div class=\"wpforms-submit-container\" ><input type=\"hidden\" name=\"wpforms[id]\" value=\"1089\"><input type=\"hidden\" name=\"page_title\" value=\"\"><input type=\"hidden\" name=\"page_url\" value=\"https:\/\/bauer.legal\/en\/wp-json\/wp\/v2\/pages\/423\"><input type=\"hidden\" name=\"url_referer\" value=\"\"><button type=\"submit\" name=\"wpforms[submit]\" id=\"wpforms-submit-1089\" class=\"wpforms-submit\" data-alt-text=\"Senden\u2026\" data-submit-text=\"Absenden\" aria-live=\"assertive\" value=\"wpforms-submit\">Absenden<\/button><img loading=\"lazy\" decoding=\"async\" src=\"https:\/\/bauer.legal\/wp-content\/plugins\/wpforms-lite\/assets\/images\/submit-spin.svg\" class=\"wpforms-submit-spinner\" style=\"display: none;\" width=\"26\" height=\"26\" alt=\"Loading\"><\/div><\/form><\/div>  <!-- .wpforms-container -->\n\n\n<hr class=\"wp-block-separator has-alpha-channel-opacity\"\/>\n\n\n\n<p><a href=\"https:\/\/bauer.legal\/en\/?page_id=1538\" data-type=\"page\" data-id=\"450\">Submit a simple <strong>appointment request<\/strong> (link).<\/a><\/p>\n\n\n\n<hr class=\"wp-block-separator has-alpha-channel-opacity\"\/>\n\n\n\n<p class=\"has-text-align-justify\">I am available weekdays from 10:00 a.m. to 10:45 a.m. via tele-walk-in on<strong> <a href=\"http:\/\/live.bauer.legal\">live.bauer.legal<\/a><\/strong> (via Zoom).<br>Priority appointments at short notice reserved.<\/p>\n\n\n\n<hr class=\"wp-block-separator has-alpha-channel-opacity\"\/>\n\n\n\n<p><strong>Online \/ video conference<\/strong><\/p>\n\n\n\n<p class=\"has-text-align-justify\">We can meet via <strong>video conference<\/strong>, which is a good substitute for an on-site meeting in most cases.<\/p>\n\n\n\n<div class=\"wp-block-columns is-style-default is-layout-flex wp-container-core-columns-is-layout-9d6595d7 wp-block-columns-is-layout-flex\">\n<div class=\"wp-block-column is-layout-flow wp-block-column-is-layout-flow\" style=\"flex-basis:100%\">\n<p class=\"has-text-align-justify\">For this I suggest <strong>Zoom<\/strong><a href=\"https:\/\/zoom.us\/\">(https:\/\/zoom.us\/)<\/a>, <strong>WebEx<\/strong> (http:\/\/www.webex.de), <strong>MS Teams<\/strong> (https:\/\/www.microsoft.com\/de-de\/microsoft-teams\/log-in), <strong>Google Meet<\/strong> (https:\/\/apps.google.com\/meet\/), <strong>WhatsApp<\/strong> (https:\/\/www.whatsapp.com\/privacy) or <strong>Skype<\/strong> (http:\/\/www.skype.com\/de\/).<\/p>\n<\/div>\n<\/div>\n\n\n\n<p class=\"has-text-align-justify\">Please contact the respective service provider for information on the respective requirements, data protection regulations, etc.<\/p>\n\n\n\n<hr class=\"wp-block-separator has-alpha-channel-opacity\"\/>\n\n\n\n<p>Messenger service: <strong>WhatsApp<\/strong> (https:\/\/www.whatsapp.com\/privacy):<\/p>\n\n\n\n<div class=\"wp-block-jetpack-send-a-message\">\n<div class=\"wp-block-jetpack-whatsapp-button aligncenter is-color-dark\"><a class=\"whatsapp-block__button\" href=\"https:\/\/api.whatsapp.com\/send?phone=49015201750817&amp;text=Guten%20Tag%2C%20ich%20kontaktiere%20Sie%20%C3%BCber%20Ihre%20Website.\" style=\"background-color:#25D366;color:#fff\" target=\"_blank\" rel=\"noopener noreferrer\">Chat on WhatsApp<\/a><\/div>\n<\/div>\n\n\n<div class=\"wp-block-image\">\n<figure class=\"aligncenter size-large\"><img data-recalc-dims=\"1\" loading=\"lazy\" decoding=\"async\" width=\"750\" height=\"821\" src=\"https:\/\/i0.wp.com\/bauer.legal\/wp-content\/uploads\/2022\/08\/WhatsAppQRCodeRechtsanwalt-Bauer.png?resize=750%2C821&#038;ssl=1\" alt=\"\" class=\"wp-image-699\" srcset=\"https:\/\/i0.wp.com\/bauer.legal\/wp-content\/uploads\/2022\/08\/WhatsAppQRCodeRechtsanwalt-Bauer.png?resize=935%2C1024&amp;ssl=1 935w, https:\/\/i0.wp.com\/bauer.legal\/wp-content\/uploads\/2022\/08\/WhatsAppQRCodeRechtsanwalt-Bauer.png?resize=274%2C300&amp;ssl=1 274w, https:\/\/i0.wp.com\/bauer.legal\/wp-content\/uploads\/2022\/08\/WhatsAppQRCodeRechtsanwalt-Bauer.png?resize=768%2C841&amp;ssl=1 768w, https:\/\/i0.wp.com\/bauer.legal\/wp-content\/uploads\/2022\/08\/WhatsAppQRCodeRechtsanwalt-Bauer.png?w=1004&amp;ssl=1 1004w\" sizes=\"auto, (max-width: 750px) 100vw, 750px\" \/><figcaption class=\"wp-element-caption\">Scan with WhatsApp to start a chat.<\/figcaption><\/figure>\n<\/div>\n\n\n<hr class=\"wp-block-separator has-css-opacity\"\/>\n\n\n\n<p>Please ask for my current Public PGP-Key for the <strong>encrypted sending of e-mails<\/strong>.<\/p>\n\n\n\n<hr class=\"wp-block-separator has-alpha-channel-opacity\"\/>\n\n\n\n<p>You can also find me via <a rel=\"noreferrer noopener\" href=\"https:\/\/www.google.com\/maps\/place\/Rechtsanwalt+und+Fachanwalt+f%C3%BCr+IT-Recht+Wilko+Bauer\/@52.9493869,13.9956915,15z\/data=!4m12!1m6!3m5!1s0x0:0xb8f9708803ee5efa!2sRechtsanwalt+und+Fachanwalt+f%C3%BCr+IT-Recht+Wilko+Bauer!8m2!3d52.9494871!4d13.9957876!3m4!1s0x0:0xb8f9708803ee5efa!8m2!3d52.9494871!4d13.9957876\" data-type=\"URL\" data-id=\"https:\/\/www.google.com\/maps\/place\/Rechtsanwalt+und+Fachanwalt+f%C3%BCr+IT-Recht+Wilko+Bauer\/@52.9493869,13.9956915,15z\/data=!4m12!1m6!3m5!1s0x0:0xb8f9708803ee5efa!2sRechtsanwalt+und+Fachanwalt+f%C3%BCr+IT-Recht+Wilko+Bauer!8m2!3d52.9494871!4d13.9957876!3m4!1s0x0:0xb8f9708803ee5efa!8m2!3d52.9494871!4d13.9957876\" target=\"_blank\">Google Maps<\/a>.<\/p>\n\n\n\n<hr class=\"wp-block-separator has-css-opacity\"\/>\n\n\n\n<p class=\"has-text-align-justify has-extra-small-font-size\" style=\"font-style:normal;font-weight:200\">* Communication by e-mail is considered fundamentally insecure. It must be anticipated that e-mails could be intercepted and read and\/or modified before delivery.<br>Please do not solicit with phone calls or using electronic mail.<\/p>\n\n\n\n<p class=\"has-text-color has-extra-small-font-size\" style=\"color:#ff0000;font-style:normal;font-weight:200\">* required<\/p>\n\n\n\n<p class=\"has-text-align-justify has-small-font-size\" style=\"font-style:normal;font-weight:300\">** Receipt of documents<br>Please notify me in advance by e-mail or fax if you wish to have documents delivered <em>exclusively<\/em> by mail or exclusively in person (e.g. by dropping them in the mailbox), in particular documents subject to deadlines, by you as a client or by anyone interested in a mandate, so that an unnecessary delay in processing can be avoided.<\/p>\n","protected":false},"excerpt":{"rendered":"<p>Rechtsanwalt Bauer B\u00f6lkendorfer Strasse 3616278 Angerm\u00fcnde**GermanyPhone: +49 33365-784007Fax: +49 33365-784008 E-mail*: kanzlei@bauer.legal The initial contact is usually free of charge and without obligation for you. Contact Rechtsanwalt Bauer via e-mail form*: I am available weekdays from 10:00 a.m. to 10:45 a.m. via tele-walk-in on live.bauer.legal (via Zoom).Priority appointments at short notice reserved. Online \/ video&hellip; <a class=\"more-link\" href=\"https:\/\/bauer.legal\/en\/contact\/\">Continue reading <span class=\"screen-reader-text\">Contact<\/span><\/a><\/p>\n","protected":false},"author":1,"featured_media":0,"parent":0,"menu_order":0,"comment_status":"closed","ping_status":"closed","template":"","meta":{"_editorskit_title_hidden":false,"_editorskit_reading_time":0,"_editorskit_is_block_options_detached":false,"_editorskit_block_options_position":"{}","footnotes":""},"class_list":["post-423","page","type-page","status-publish","hentry","entry"],"jetpack_sharing_enabled":true,"_links":{"self":[{"href":"https:\/\/bauer.legal\/en\/wp-json\/wp\/v2\/pages\/423","targetHints":{"allow":["GET"]}}],"collection":[{"href":"https:\/\/bauer.legal\/en\/wp-json\/wp\/v2\/pages"}],"about":[{"href":"https:\/\/bauer.legal\/en\/wp-json\/wp\/v2\/types\/page"}],"author":[{"embeddable":true,"href":"https:\/\/bauer.legal\/en\/wp-json\/wp\/v2\/users\/1"}],"replies":[{"embeddable":true,"href":"https:\/\/bauer.legal\/en\/wp-json\/wp\/v2\/comments?post=423"}],"version-history":[{"count":21,"href":"https:\/\/bauer.legal\/en\/wp-json\/wp\/v2\/pages\/423\/revisions"}],"predecessor-version":[{"id":1631,"href":"https:\/\/bauer.legal\/en\/wp-json\/wp\/v2\/pages\/423\/revisions\/1631"}],"wp:attachment":[{"href":"https:\/\/bauer.legal\/en\/wp-json\/wp\/v2\/media?parent=423"}],"curies":[{"name":"wp","href":"https:\/\/api.w.org\/{rel}","templated":true}]}}